{"id":1333,"date":"2023-08-23T16:08:30","date_gmt":"2023-08-23T14:08:30","guid":{"rendered":"https:\/\/www.lasercladdingaustria.at\/?page_id=1333"},"modified":"2026-03-09T11:30:08","modified_gmt":"2026-03-09T10:30:08","slug":"career","status":"publish","type":"page","link":"https:\/\/www.lasercladdingaustria.at\/en\/karriere\/","title":{"rendered":"Careers at LaserCladding Austria"},"content":{"rendered":"\t\t<div data-elementor-type=\"wp-page\" data-elementor-id=\"1333\" class=\"elementor elementor-1333\">\n\t\t\t\t<div class=\"elementor-element elementor-element-590b357 e-flex e-con-boxed e-con e-parent\" data-id=\"590b357\" data-element_type=\"container\" data-e-type=\"container\" data-settings=\"{&quot;background_background&quot;:&quot;classic&quot;}\">\n\t\t\t\t\t<div class=\"e-con-inner\">\n\t\t\t\t<div class=\"elementor-element elementor-element-90aa61a elementor-widget elementor-widget-heading\" data-id=\"90aa61a\" data-element_type=\"widget\" data-e-type=\"widget\" data-widget_type=\"heading.default\">\n\t\t\t\t<div class=\"elementor-widget-container\">\n\t\t\t\t\t<h1 class=\"elementor-heading-title elementor-size-default\">Karriere <br>bei LaserCladding Austria<\/h1>\t\t\t\t<\/div>\n\t\t\t\t<\/div>\n\t\t\t\t<div class=\"elementor-element elementor-element-d3c9f03 elementor-widget elementor-widget-text-editor\" data-id=\"d3c9f03\" data-element_type=\"widget\" data-e-type=\"widget\" data-widget_type=\"text-editor.default\">\n\t\t\t\t<div class=\"elementor-widget-container\">\n\t\t\t\t\t\t\t\t\t<p>Wir wachsen. Und wir suchen Menschen mit Begeisterung f\u00fcr Pr\u00e4zision, Technik &amp; Industrie.<\/p>\t\t\t\t\t\t\t\t<\/div>\n\t\t\t\t<\/div>\n\t\t<div class=\"elementor-element elementor-element-83bae38 e-con-full e-flex e-con e-child\" data-id=\"83bae38\" data-element_type=\"container\" data-e-type=\"container\">\n\t\t\t\t<div class=\"elementor-element elementor-element-ffd79f5 elementor-widget elementor-widget-button\" data-id=\"ffd79f5\" data-element_type=\"widget\" data-e-type=\"widget\" data-widget_type=\"button.default\">\n\t\t\t\t<div class=\"elementor-widget-container\">\n\t\t\t\t\t\t\t\t\t<div class=\"elementor-button-wrapper\">\n\t\t\t\t\t<a class=\"elementor-button elementor-button-link elementor-size-sm\" href=\"#offene_stellen\">\n\t\t\t\t\t\t<span class=\"elementor-button-content-wrapper\">\n\t\t\t\t\t\t\t\t\t<span class=\"elementor-button-text\">OFFENE STELLEN<\/span>\n\t\t\t\t\t<\/span>\n\t\t\t\t\t<\/a>\n\t\t\t\t<\/div>\n\t\t\t\t\t\t\t\t<\/div>\n\t\t\t\t<\/div>\n\t\t\t\t<div class=\"elementor-element elementor-element-a76a33b cta_orange elementor-hidden-mobile elementor-widget elementor-widget-button\" data-id=\"a76a33b\" data-element_type=\"widget\" data-e-type=\"widget\" data-widget_type=\"button.default\">\n\t\t\t\t<div class=\"elementor-widget-container\">\n\t\t\t\t\t\t\t\t\t<div class=\"elementor-button-wrapper\">\n\t\t\t\t\t<a class=\"elementor-button elementor-button-link elementor-size-sm\" href=\"https:\/\/www.lasercladdingaustria.at\/kontakt\/\">\n\t\t\t\t\t\t<span class=\"elementor-button-content-wrapper\">\n\t\t\t\t\t\t\t\t\t<span class=\"elementor-button-text\">KONTAKT<\/span>\n\t\t\t\t\t<\/span>\n\t\t\t\t\t<\/a>\n\t\t\t\t<\/div>\n\t\t\t\t\t\t\t\t<\/div>\n\t\t\t\t<\/div>\n\t\t\t\t<div class=\"elementor-element elementor-element-2e22b4e cta_orange elementor-hidden-desktop elementor-hidden-tablet elementor-widget elementor-widget-button\" data-id=\"2e22b4e\" data-element_type=\"widget\" data-e-type=\"widget\" data-widget_type=\"button.default\">\n\t\t\t\t<div class=\"elementor-widget-container\">\n\t\t\t\t\t\t\t\t\t<div class=\"elementor-button-wrapper\">\n\t\t\t\t\t<a class=\"elementor-button elementor-button-link elementor-size-sm\" href=\"tel:+43%20664%20111%206171\">\n\t\t\t\t\t\t<span class=\"elementor-button-content-wrapper\">\n\t\t\t\t\t\t\t\t\t<span class=\"elementor-button-text\">JETZT ANFRUFEN<\/span>\n\t\t\t\t\t<\/span>\n\t\t\t\t\t<\/a>\n\t\t\t\t<\/div>\n\t\t\t\t\t\t\t\t<\/div>\n\t\t\t\t<\/div>\n\t\t\t\t<\/div>\n\t\t\t\t\t<\/div>\n\t\t\t\t<\/div>\n\t\t<div class=\"elementor-element elementor-element-80d5dc6 e-flex e-con-boxed e-con e-parent\" data-id=\"80d5dc6\" data-element_type=\"container\" data-e-type=\"container\" data-settings=\"{&quot;background_background&quot;:&quot;classic&quot;}\">\n\t\t\t\t\t<div class=\"e-con-inner\">\n\t\t\t\t<div class=\"elementor-element elementor-element-d79b299 elementor-widget__width-initial elementor-widget-mobile__width-inherit elementor-widget elementor-widget-heading\" data-id=\"d79b299\" data-element_type=\"widget\" data-e-type=\"widget\" data-widget_type=\"heading.default\">\n\t\t\t\t<div class=\"elementor-widget-container\">\n\t\t\t\t\t<h2 class=\"elementor-heading-title elementor-size-default\">Innovative Technologie. Pr\u00e4zise L\u00f6sungen. Gemeinsam Zukunft gestalten.<\/h2>\t\t\t\t<\/div>\n\t\t\t\t<\/div>\n\t\t\t\t<div class=\"elementor-element elementor-element-13adb08 elementor-widget__width-initial elementor-widget-mobile__width-inherit elementor-widget elementor-widget-text-editor\" data-id=\"13adb08\" data-element_type=\"widget\" data-e-type=\"widget\" data-widget_type=\"text-editor.default\">\n\t\t\t\t<div class=\"elementor-widget-container\">\n\t\t\t\t\t\t\t\t\t<p class=\"p2\">Werde Teil eines ambitionierten Teams, das industrielle Instandsetzung neu denkt: Hightech. Innovation. Teamgeist.<\/p><p>Wir bieten spannende Aufgaben, Entwicklungschancen und ein kollegiales Miteinander.<\/p>\t\t\t\t\t\t\t\t<\/div>\n\t\t\t\t<\/div>\n\t\t\t\t\t<\/div>\n\t\t\t\t<\/div>\n\t\t<div class=\"elementor-element elementor-element-93fc75d e-flex e-con-boxed e-con e-parent\" data-id=\"93fc75d\" data-element_type=\"container\" data-e-type=\"container\" data-settings=\"{&quot;background_background&quot;:&quot;classic&quot;}\">\n\t\t\t\t\t<div class=\"e-con-inner\">\n\t\t\t\t<div class=\"elementor-element elementor-element-fa37456 elementor-widget__width-initial elementor-widget-mobile__width-inherit elementor-widget elementor-widget-heading\" data-id=\"fa37456\" data-element_type=\"widget\" data-e-type=\"widget\" data-widget_type=\"heading.default\">\n\t\t\t\t<div class=\"elementor-widget-container\">\n\t\t\t\t\t<h2 class=\"elementor-heading-title elementor-size-default\">Was uns wichtig ist <\/h2>\t\t\t\t<\/div>\n\t\t\t\t<\/div>\n\t\t\t\t<div class=\"elementor-element elementor-element-0ca212c elementor-widget__width-initial elementor-widget-mobile__width-inherit elementor-widget elementor-widget-text-editor\" data-id=\"0ca212c\" data-element_type=\"widget\" data-e-type=\"widget\" data-widget_type=\"text-editor.default\">\n\t\t\t\t<div class=\"elementor-widget-container\">\n\t\t\t\t\t\t\t\t\t<p>Wir sind immer auf der Suche nach begeisterungsf\u00e4higen Menschen, die sich weiterentwickeln wollen und gerne \u00fcber den Tellerrand hinausblicken. Nach Personen, die f\u00fcr unsere Vision genauso brennen wie wir und Gefallen an neuen Herausforderungen haben.<\/p>\t\t\t\t\t\t\t\t<\/div>\n\t\t\t\t<\/div>\n\t\t<div class=\"elementor-element elementor-element-a1775ac e-grid e-con-full e-con e-child\" data-id=\"a1775ac\" data-element_type=\"container\" data-e-type=\"container\">\n\t\t\t\t<div class=\"elementor-element elementor-element-2357416 elementor-invisible elementor-widget elementor-widget-text-editor\" data-id=\"2357416\" data-element_type=\"widget\" data-e-type=\"widget\" data-settings=\"{&quot;_animation&quot;:&quot;fadeInUp&quot;}\" data-widget_type=\"text-editor.default\">\n\t\t\t\t<div class=\"elementor-widget-container\">\n\t\t\t\t\t\t\t\t\t<p><strong>Was uns wichtig ist<\/strong><\/p><ul><li>Vertrauen<\/li><li>Teamgeist und starker Zusammenhalt<\/li><li>Professionalit\u00e4t im Umgang miteinander und mit unseren Kunden<\/li><li>Engagement und Eigeninitiative<\/li><li>Innovation &amp; technische Begeisterung<\/li><\/ul>\t\t\t\t\t\t\t\t<\/div>\n\t\t\t\t<\/div>\n\t\t\t\t<div class=\"elementor-element elementor-element-460be3d elementor-invisible elementor-widget elementor-widget-text-editor\" data-id=\"460be3d\" data-element_type=\"widget\" data-e-type=\"widget\" data-settings=\"{&quot;_animation&quot;:&quot;fadeInUp&quot;}\" data-widget_type=\"text-editor.default\">\n\t\t\t\t<div class=\"elementor-widget-container\">\n\t\t\t\t\t\t\t\t\t<p><strong>Unsere Arbeitskultur<\/strong><\/p><ul><li>Eigenverantwortliches Arbeiten an innovativen Laserprojekten<\/li><li>Zusammenarbeit im erfahrenen Technik-Team<\/li><li>Professionelles Arbeitsumfeld mit Fokus auf Qualit\u00e4t und Pr\u00e4zision<\/li><\/ul>\t\t\t\t\t\t\t\t<\/div>\n\t\t\t\t<\/div>\n\t\t\t\t<div class=\"elementor-element elementor-element-863a684 elementor-invisible elementor-widget elementor-widget-text-editor\" data-id=\"863a684\" data-element_type=\"widget\" data-e-type=\"widget\" data-settings=\"{&quot;_animation&quot;:&quot;fadeInUp&quot;}\" data-widget_type=\"text-editor.default\">\n\t\t\t\t<div class=\"elementor-widget-container\">\n\t\t\t\t\t\t\t\t\t<p><strong>Entwicklungsm\u00f6glichkeiten<\/strong><\/p><ul><li><p class=\"p2\">Perspektiven f\u00fcr fachliche und pers\u00f6nliche Weiterentwicklung<\/p><\/li><li><p class=\"p2\">Gestaltung neuer Prozesse und Strukturen<\/p><\/li><li><p class=\"p2\">Raum f\u00fcr unternehmerisches Denken und Eigeninitiative<\/p><\/li><\/ul>\t\t\t\t\t\t\t\t<\/div>\n\t\t\t\t<\/div>\n\t\t\t\t<div class=\"elementor-element elementor-element-d59d135 elementor-invisible elementor-widget elementor-widget-text-editor\" data-id=\"d59d135\" data-element_type=\"widget\" data-e-type=\"widget\" data-settings=\"{&quot;_animation&quot;:&quot;fadeInUp&quot;}\" data-widget_type=\"text-editor.default\">\n\t\t\t\t<div class=\"elementor-widget-container\">\n\t\t\t\t\t\t\t\t\t<p><strong>Deine Rolle bei LaserCladding Austria<\/strong><\/p><ul><li><p class=\"p2\">Mitwirkung an anspruchsvollen Instandsetzungsprojekten mittels Laserauftragschwei\u00dfen<\/p><\/li><li><p class=\"p2\">Aktives Beitragen zum Unternehmenswachstum<\/p><\/li><\/ul>\t\t\t\t\t\t\t\t<\/div>\n\t\t\t\t<\/div>\n\t\t\t\t<\/div>\n\t\t\t\t<div class=\"elementor-element elementor-element-c752515 elementor-widget elementor-widget-button\" data-id=\"c752515\" data-element_type=\"widget\" data-e-type=\"widget\" data-widget_type=\"button.default\">\n\t\t\t\t<div class=\"elementor-widget-container\">\n\t\t\t\t\t\t\t\t\t<div class=\"elementor-button-wrapper\">\n\t\t\t\t\t<a class=\"elementor-button elementor-button-link elementor-size-sm\" href=\"https:\/\/www.lasercladdingaustria.at\/ueber-uns-lasercladding-austria\/\">\n\t\t\t\t\t\t<span class=\"elementor-button-content-wrapper\">\n\t\t\t\t\t\t\t\t\t<span class=\"elementor-button-text\">\u00dcBER UNS<\/span>\n\t\t\t\t\t<\/span>\n\t\t\t\t\t<\/a>\n\t\t\t\t<\/div>\n\t\t\t\t\t\t\t\t<\/div>\n\t\t\t\t<\/div>\n\t\t\t\t\t<\/div>\n\t\t\t\t<\/div>\n\t\t<div class=\"elementor-element elementor-element-e91821a e-flex e-con-boxed e-con e-parent\" data-id=\"e91821a\" data-element_type=\"container\" data-e-type=\"container\" id=\"offene_stellen\" data-settings=\"{&quot;background_background&quot;:&quot;classic&quot;}\">\n\t\t\t\t\t<div class=\"e-con-inner\">\n\t\t<div class=\"elementor-element elementor-element-85b3ebc e-con-full e-flex e-con e-child\" data-id=\"85b3ebc\" data-element_type=\"container\" data-e-type=\"container\">\n\t\t\t\t<div class=\"elementor-element elementor-element-a79bfd9 elementor-widget elementor-widget-heading\" data-id=\"a79bfd9\" data-element_type=\"widget\" data-e-type=\"widget\" data-widget_type=\"heading.default\">\n\t\t\t\t<div class=\"elementor-widget-container\">\n\t\t\t\t\t<h2 class=\"elementor-heading-title elementor-size-default\">Offene Stellen bei LaserCladding Austria<\/h2>\t\t\t\t<\/div>\n\t\t\t\t<\/div>\n\t\t\t\t<div class=\"elementor-element elementor-element-2353be0 elementor-widget elementor-widget-n-accordion\" data-id=\"2353be0\" data-element_type=\"widget\" data-e-type=\"widget\" data-settings=\"{&quot;default_state&quot;:&quot;all_collapsed&quot;,&quot;max_items_expended&quot;:&quot;one&quot;,&quot;n_accordion_animation_duration&quot;:{&quot;unit&quot;:&quot;ms&quot;,&quot;size&quot;:400,&quot;sizes&quot;:[]}}\" data-widget_type=\"nested-accordion.default\">\n\t\t\t\t<div class=\"elementor-widget-container\">\n\t\t\t\t\t\t\t<div class=\"e-n-accordion\" aria-label=\"Accordion. Open links with Enter or Space, close with Escape, and navigate with Arrow Keys\">\n\t\t\t\t\t\t<details id=\"e-n-accordion-item-3700\" class=\"e-n-accordion-item\" >\n\t\t\t\t<summary class=\"e-n-accordion-item-title\" data-accordion-index=\"1\" tabindex=\"0\" aria-expanded=\"false\" aria-controls=\"e-n-accordion-item-3700\" >\n\t\t\t\t\t<span class='e-n-accordion-item-title-header'><div class=\"e-n-accordion-item-title-text\"> Roboterbediener \u2013 Laserauftragschwei\u00dfen (m\/w\/d) <\/div><\/span>\n\t\t\t\t\t\t\t<span class='e-n-accordion-item-title-icon'>\n\t\t\t<span class='e-opened' ><i aria-hidden=\"true\" class=\"fas fa-minus\"><\/i><\/span>\n\t\t\t<span class='e-closed'><i aria-hidden=\"true\" class=\"fas fa-user-plus\"><\/i><\/span>\n\t\t<\/span>\n\n\t\t\t\t\t\t<\/summary>\n\t\t\t\t<div role=\"region\" aria-labelledby=\"e-n-accordion-item-3700\" class=\"elementor-element elementor-element-e33870c e-con-full e-flex e-con e-child\" data-id=\"e33870c\" data-element_type=\"container\" data-e-type=\"container\">\n\t\t\t\t<div class=\"elementor-element elementor-element-8704588 elementor-widget elementor-widget-text-editor\" data-id=\"8704588\" data-element_type=\"widget\" data-e-type=\"widget\" data-widget_type=\"text-editor.default\">\n\t\t\t\t<div class=\"elementor-widget-container\">\n\t\t\t\t\t\t\t\t\t<p>F\u00fcr die Bedienung, \u00dcberwachung und Programmierung unserer Laseranlagen suchen wir technisch versierte und engagierte Mitarbeitende.<\/p><h5><span style=\"color: #3366ff;\"><a style=\"color: #3366ff;\" href=\"https:\/\/www.lasercladdingaustria.at\/wp-content\/uploads\/2026\/02\/Roboterbediener_Laserauftragschweissen_2.pdf\" target=\"_blank\" rel=\"noopener\">Roboterbediener Laserauftragschwei\u00dfen (m\/w\/d)<\/a><\/span><\/h5>\t\t\t\t\t\t\t\t<\/div>\n\t\t\t\t<\/div>\n\t\t\t\t<\/div>\n\t\t\t\t\t<\/details>\n\t\t\t\t\t\t<details id=\"e-n-accordion-item-3701\" class=\"e-n-accordion-item\" >\n\t\t\t\t<summary class=\"e-n-accordion-item-title\" data-accordion-index=\"2\" tabindex=\"-1\" aria-expanded=\"false\" aria-controls=\"e-n-accordion-item-3701\" >\n\t\t\t\t\t<span class='e-n-accordion-item-title-header'><div class=\"e-n-accordion-item-title-text\"> Zerspanungsprofi \u2013 Konventionelles Drehen (m\/w\/d) <\/div><\/span>\n\t\t\t\t\t\t\t<span class='e-n-accordion-item-title-icon'>\n\t\t\t<span class='e-opened' ><i aria-hidden=\"true\" class=\"fas fa-minus\"><\/i><\/span>\n\t\t\t<span class='e-closed'><i aria-hidden=\"true\" class=\"fas fa-user-plus\"><\/i><\/span>\n\t\t<\/span>\n\n\t\t\t\t\t\t<\/summary>\n\t\t\t\t<div role=\"region\" aria-labelledby=\"e-n-accordion-item-3701\" class=\"elementor-element elementor-element-5c2b73d e-con-full e-flex e-con e-child\" data-id=\"5c2b73d\" data-element_type=\"container\" data-e-type=\"container\">\n\t\t\t\t<div class=\"elementor-element elementor-element-b90883a elementor-widget elementor-widget-text-editor\" data-id=\"b90883a\" data-element_type=\"widget\" data-e-type=\"widget\" data-widget_type=\"text-editor.default\">\n\t\t\t\t<div class=\"elementor-widget-container\">\n\t\t\t\t\t\t\t\t\t<p class=\"p2\">F\u00fcr unseren Maschinenpark in der mechanischen Bearbeitung suchen wir erfahrene Zerspanungstechniker f\u00fcr die Einzelteilfertigung<\/p><h5><span style=\"color: #3366ff;\"><a style=\"color: #3366ff;\" href=\"https:\/\/www.lasercladdingaustria.at\/wp-content\/uploads\/2026\/02\/Zerspanungsprofi_Drehen_2.pdf\" target=\"_blank\" rel=\"noopener\">Zerspanungsprofi &#8211; konventionelles Drehen (m\/w\/d)<\/a><\/span><\/h5>\t\t\t\t\t\t\t\t<\/div>\n\t\t\t\t<\/div>\n\t\t\t\t<\/div>\n\t\t\t\t\t<\/details>\n\t\t\t\t\t\t<details id=\"e-n-accordion-item-3702\" class=\"e-n-accordion-item\" >\n\t\t\t\t<summary class=\"e-n-accordion-item-title\" data-accordion-index=\"3\" tabindex=\"-1\" aria-expanded=\"false\" aria-controls=\"e-n-accordion-item-3702\" >\n\t\t\t\t\t<span class='e-n-accordion-item-title-header'><div class=\"e-n-accordion-item-title-text\"> Initiativbewerbung <\/div><\/span>\n\t\t\t\t\t\t\t<span class='e-n-accordion-item-title-icon'>\n\t\t\t<span class='e-opened' ><i aria-hidden=\"true\" class=\"fas fa-minus\"><\/i><\/span>\n\t\t\t<span class='e-closed'><i aria-hidden=\"true\" class=\"fas fa-user-plus\"><\/i><\/span>\n\t\t<\/span>\n\n\t\t\t\t\t\t<\/summary>\n\t\t\t\t<div role=\"region\" aria-labelledby=\"e-n-accordion-item-3702\" class=\"elementor-element elementor-element-1127edb e-con-full e-flex e-con e-child\" data-id=\"1127edb\" data-element_type=\"container\" data-e-type=\"container\">\n\t\t\t\t<div class=\"elementor-element elementor-element-130df04 elementor-widget elementor-widget-text-editor\" data-id=\"130df04\" data-element_type=\"widget\" data-e-type=\"widget\" data-widget_type=\"text-editor.default\">\n\t\t\t\t<div class=\"elementor-widget-container\">\n\t\t\t\t\t\t\t\t\t<p>Keine passende Stelle gefunden? Wir freuen uns jederzeit \u00fcber motivierte Pers\u00f6nlichkeiten, die unsere Leidenschaft f\u00fcr Technologie teilen. Sende deine Initiativbewerbung an <a href=\"mailto:an\u00a0jobs@lasercladdingaustria.at\"><strong>jobs@lasercladdingaustria.at<\/strong><\/a>.\u00a0<\/p><h5>\u00a0<\/h5>\t\t\t\t\t\t\t\t<\/div>\n\t\t\t\t<\/div>\n\t\t\t\t<\/div>\n\t\t\t\t\t<\/details>\n\t\t\t\t\t<\/div>\n\t\t\t\t\t<script type=\"application\/ld+json\">{\"@context\":\"https:\\\/\\\/schema.org\",\"@type\":\"FAQPage\",\"mainEntity\":[{\"@type\":\"Question\",\"name\":\"Roboterbediener \\u2013 Laserauftragschwei\\u00dfen (m\\\/w\\\/d)\",\"acceptedAnswer\":{\"@type\":\"Answer\",\"text\":\"F\\u00fcr die Bedienung, \\u00dcberwachung und Programmierung unserer Laseranlagen suchen wir technisch versierte und engagierte Mitarbeitende.Roboterbediener Laserauftragschwei\\u00dfen (m\\\/w\\\/d)\"}},{\"@type\":\"Question\",\"name\":\"Zerspanungsprofi \\u2013 Konventionelles Drehen (m\\\/w\\\/d)\",\"acceptedAnswer\":{\"@type\":\"Answer\",\"text\":\"F\\u00fcr unseren Maschinenpark in der mechanischen Bearbeitung suchen wir erfahrene Zerspanungstechniker f\\u00fcr die EinzelteilfertigungZerspanungsprofi &#8211; konventionelles Drehen (m\\\/w\\\/d)\"}},{\"@type\":\"Question\",\"name\":\"Initiativbewerbung\",\"acceptedAnswer\":{\"@type\":\"Answer\",\"text\":\"Keine passende Stelle gefunden? Wir freuen uns jederzeit \\u00fcber motivierte Pers\\u00f6nlichkeiten, die unsere Leidenschaft f\\u00fcr Technologie teilen. Sende deine Initiativbewerbung an jobs@lasercladdingaustria.at.\\u00a0\\u00a0\"}}]}<\/script>\n\t\t\t\t\t\t\t<\/div>\n\t\t\t\t<\/div>\n\t\t\t\t<div class=\"elementor-element elementor-element-7b16836 elementor-align-left elementor-mobile-align-center elementor-widget elementor-widget-button\" data-id=\"7b16836\" data-element_type=\"widget\" data-e-type=\"widget\" data-widget_type=\"button.default\">\n\t\t\t\t<div class=\"elementor-widget-container\">\n\t\t\t\t\t\t\t\t\t<div class=\"elementor-button-wrapper\">\n\t\t\t\t\t<a class=\"elementor-button elementor-button-link elementor-size-sm\" href=\"https:\/\/www.lasercladdingaustria.at\/kontakt\">\n\t\t\t\t\t\t<span class=\"elementor-button-content-wrapper\">\n\t\t\t\t\t\t\t\t\t<span class=\"elementor-button-text\">KONTAKT<\/span>\n\t\t\t\t\t<\/span>\n\t\t\t\t\t<\/a>\n\t\t\t\t<\/div>\n\t\t\t\t\t\t\t\t<\/div>\n\t\t\t\t<\/div>\n\t\t\t\t<\/div>\n\t\t\t\t\t<\/div>\n\t\t\t\t<\/div>\n\t\t\t\t<\/div>\n\t\t","protected":false},"excerpt":{"rendered":"<p>Karriere bei LaserCladding Austria Wir wachsen. Und wir suchen Menschen mit Begeisterung f\u00fcr Pr\u00e4zision, Technik &amp; Industrie. OFFENE STELLEN KONTAKT [&hellip;]<\/p>\n","protected":false},"author":1,"featured_media":0,"parent":0,"menu_order":0,"comment_status":"closed","ping_status":"closed","template":"","meta":{"site-sidebar-layout":"default","site-content-layout":"","ast-site-content-layout":"default","site-content-style":"default","site-sidebar-style":"default","ast-global-header-display":"","ast-banner-title-visibility":"","ast-main-header-display":"","ast-hfb-above-header-display":"","ast-hfb-below-header-display":"","ast-hfb-mobile-header-display":"","site-post-title":"","ast-breadcrumbs-content":"","ast-featured-img":"","footer-sml-layout":"","ast-disable-related-posts":"","theme-transparent-header-meta":"","adv-header-id-meta":"","stick-header-meta":"","header-above-stick-meta":"","header-main-stick-meta":"","header-below-stick-meta":"","astra-migrate-meta-layouts":"default","ast-page-background-enabled":"default","ast-page-background-meta":{"desktop":{"background-color":"var(--ast-global-color-5)","background-image":"","background-repeat":"repeat","background-position":"center center","background-size":"auto","background-attachment":"scroll","background-type":"","background-media":"","overlay-type":"","overlay-color":"","overlay-opacity":"","overlay-gradient":""},"tablet":{"background-color":"","background-image":"","background-repeat":"repeat","background-position":"center center","background-size":"auto","background-attachment":"scroll","background-type":"","background-media":"","overlay-type":"","overlay-color":"","overlay-opacity":"","overlay-gradient":""},"mobile":{"background-color":"","background-image":"","background-repeat":"repeat","background-position":"center center","background-size":"auto","background-attachment":"scroll","background-type":"","background-media":"","overlay-type":"","overlay-color":"","overlay-opacity":"","overlay-gradient":""}},"ast-content-background-meta":{"desktop":{"background-color":"var(--ast-global-color-4)","background-image":"","background-repeat":"repeat","background-position":"center center","background-size":"auto","background-attachment":"scroll","background-type":"","background-media":"","overlay-type":"","overlay-color":"","overlay-opacity":"","overlay-gradient":""},"tablet":{"background-color":"var(--ast-global-color-4)","background-image":"","background-repeat":"repeat","background-position":"center center","background-size":"auto","background-attachment":"scroll","background-type":"","background-media":"","overlay-type":"","overlay-color":"","overlay-opacity":"","overlay-gradient":""},"mobile":{"background-color":"var(--ast-global-color-4)","background-image":"","background-repeat":"repeat","background-position":"center center","background-size":"auto","background-attachment":"scroll","background-type":"","background-media":"","overlay-type":"","overlay-color":"","overlay-opacity":"","overlay-gradient":""}},"footnotes":""},"class_list":["post-1333","page","type-page","status-publish","hentry"],"_links":{"self":[{"href":"https:\/\/www.lasercladdingaustria.at\/en\/wp-json\/wp\/v2\/pages\/1333","targetHints":{"allow":["GET"]}}],"collection":[{"href":"https:\/\/www.lasercladdingaustria.at\/en\/wp-json\/wp\/v2\/pages"}],"about":[{"href":"https:\/\/www.lasercladdingaustria.at\/en\/wp-json\/wp\/v2\/types\/page"}],"author":[{"embeddable":true,"href":"https:\/\/www.lasercladdingaustria.at\/en\/wp-json\/wp\/v2\/users\/1"}],"replies":[{"embeddable":true,"href":"https:\/\/www.lasercladdingaustria.at\/en\/wp-json\/wp\/v2\/comments?post=1333"}],"version-history":[{"count":9,"href":"https:\/\/www.lasercladdingaustria.at\/en\/wp-json\/wp\/v2\/pages\/1333\/revisions"}],"predecessor-version":[{"id":4789,"href":"https:\/\/www.lasercladdingaustria.at\/en\/wp-json\/wp\/v2\/pages\/1333\/revisions\/4789"}],"wp:attachment":[{"href":"https:\/\/www.lasercladdingaustria.at\/en\/wp-json\/wp\/v2\/media?parent=1333"}],"curies":[{"name":"wp","href":"https:\/\/api.w.org\/{rel}","templated":true}]}}